{"id":14,"date":"2025-07-17T16:08:05","date_gmt":"2025-07-17T19:08:05","guid":{"rendered":"https:\/\/j5caldeiraria.com.br\/?page_id=14"},"modified":"2025-07-19T03:34:39","modified_gmt":"2025-07-19T06:34:39","slug":"sobre-nos","status":"publish","type":"page","link":"https:\/\/j5caldeiraria.com.br\/?page_id=14","title":{"rendered":"Sobre n\u00f3s"},"content":{"rendered":"\t\t<div data-elementor-type=\"wp-page\" data-elementor-id=\"14\" class=\"elementor elementor-14\">\n\t\t\t\t<div class=\"elementor-element elementor-element-eeef641 e-flex e-con-boxed wpr-particle-no wpr-jarallax-no wpr-parallax-no wpr-sticky-section-no e-con e-parent\" data-id=\"eeef641\" data-element_type=\"container\" data-settings=\"{&quot;background_background&quot;:&quot;classic&quot;}\">\n\t\t\t\t\t<div class=\"e-con-inner\">\n\t\t\t\t<div class=\"elementor-element elementor-element-f24844a elementor-widget__width-initial elementor-widget elementor-widget-heading\" data-id=\"f24844a\" data-element_type=\"widget\" data-widget_type=\"heading.default\">\n\t\t\t\t\t<h2 class=\"elementor-heading-title elementor-size-default\">Sobre N\u00f3s<\/h2>\t\t\t\t<\/div>\n\t\t\t\t\t<\/div>\n\t\t\t\t<\/div>\n\t\t<div class=\"elementor-element elementor-element-83f1ae5 e-flex e-con-boxed wpr-particle-no wpr-jarallax-no wpr-parallax-no wpr-sticky-section-no e-con e-parent\" data-id=\"83f1ae5\" data-element_type=\"container\">\n\t\t\t\t\t<div class=\"e-con-inner\">\n\t\t<div class=\"elementor-element elementor-element-3ad0ee2 e-con-full e-flex wpr-particle-no wpr-jarallax-no wpr-parallax-no wpr-sticky-section-no e-con e-child\" data-id=\"3ad0ee2\" data-element_type=\"container\">\n\t\t\t\t<div class=\"elementor-element elementor-element-509b97d elementor-widget__width-initial elementor-widget elementor-widget-heading\" data-id=\"509b97d\" data-element_type=\"widget\" data-widget_type=\"heading.default\">\n\t\t\t\t\t<h2 class=\"elementor-heading-title elementor-size-default\">Sobre N\u00f3s<\/h2>\t\t\t\t<\/div>\n\t\t\t\t<div class=\"elementor-element elementor-element-01db68d elementor-widget elementor-widget-text-editor\" data-id=\"01db68d\" data-element_type=\"widget\" data-widget_type=\"text-editor.default\">\n\t\t\t\t\t\t\t\t\t<p>Apresentamos com orgulho a J5 Caldeiraria, uma empresa comprometida com a excel\u00eancia na presta\u00e7\u00e3o de servi\u00e7os industriais e na fabrica\u00e7\u00e3o de estruturas met\u00e1licas. Trabalhamos com foco em qualidade, seguran\u00e7a e respeito, oferecendo um ambiente seguro e eficiente para nossos colaboradores e clientes.<\/p><p>Nossa miss\u00e3o \u00e9 ser refer\u00eancia em nosso segmento, atuando com seguran\u00e7a, qualidade e pontualidade. Nosso compromisso \u00e9 garantir a satisfa\u00e7\u00e3o dos clientes, implementando projetos inovadores com foco em sustentabilidade e evolu\u00e7\u00e3o cont\u00ednua.<\/p><p><strong>Nossos Valores:<\/strong><\/p><p><strong>Respeito:<\/strong>\u00a0Aos colaboradores, clientes, fornecedores e comunidade.<\/p><p><strong>Compromisso com a Qualidade:<\/strong> Fornecer produtos e servi\u00e7os que superem as expectativas do cliente, atrav\u00e9s do comprometimento de nossos colaboradores, aliados a nossa meta de gest\u00e3o da qualidade.<\/p><p><strong>\u00c9tica e Responsabilidade Social:<\/strong>\u00a0Em todas as etapas de atua\u00e7\u00e3o<br \/>Valoriza\u00e7\u00e3o Humana:\u00a0Contribu\u00edmos tamb\u00e9m para a forma\u00e7\u00e3o de cidad\u00e3os em nossa regi\u00e3o.<\/p>\t\t\t\t\t\t\t\t<\/div>\n\t\t\t\t<\/div>\n\t\t<div class=\"elementor-element elementor-element-15733c8 e-con-full e-flex wpr-particle-no wpr-jarallax-no wpr-parallax-no wpr-sticky-section-no e-con e-child\" data-id=\"15733c8\" data-element_type=\"container\">\n\t\t\t\t<div class=\"elementor-element elementor-element-8187752 elementor-widget elementor-widget-image\" data-id=\"8187752\" data-element_type=\"widget\" data-widget_type=\"image.default\">\n\t\t\t\t\t\t\t\t\t\t\t\t\t\t\t<img decoding=\"async\" src=\"https:\/\/j5caldeiraria.com.br\/wp-content\/uploads\/2025\/07\/IMGSOBRE.jpg\" title=\"IMGSOBRE\" alt=\"IMGSOBRE\" loading=\"lazy\" \/>\t\t\t\t\t\t\t\t\t\t\t\t\t\t\t<\/div>\n\t\t\t\t<\/div>\n\t\t\t\t\t<\/div>\n\t\t\t\t<\/div>\n\t\t<div class=\"elementor-element elementor-element-48a34c4 e-flex e-con-boxed wpr-particle-no wpr-jarallax-no wpr-parallax-no wpr-sticky-section-no e-con e-parent\" data-id=\"48a34c4\" data-element_type=\"container\">\n\t\t\t\t\t<div class=\"e-con-inner\">\n\t\t\t\t<div class=\"elementor-element elementor-element-fcfa123 elementor-widget__width-initial elementor-widget elementor-widget-heading\" data-id=\"fcfa123\" data-element_type=\"widget\" data-widget_type=\"heading.default\">\n\t\t\t\t\t<h2 class=\"elementor-heading-title elementor-size-default\">Nossos Parceiros<\/h2>\t\t\t\t<\/div>\n\t\t<div class=\"elementor-element elementor-element-0660c28 e-flex e-con-boxed wpr-particle-no wpr-jarallax-no wpr-parallax-no wpr-sticky-section-no e-con e-child\" data-id=\"0660c28\" data-element_type=\"container\">\n\t\t\t\t\t<div class=\"e-con-inner\">\n\t\t\t\t<div class=\"elementor-element elementor-element-6830cb0 elementor-arrows-position-outside elementor-widget elementor-widget-image-carousel\" data-id=\"6830cb0\" data-element_type=\"widget\" data-settings=\"{&quot;slides_to_show&quot;:&quot;6&quot;,&quot;navigation&quot;:&quot;arrows&quot;,&quot;autoplay_speed&quot;:50,&quot;speed&quot;:5000,&quot;slides_to_show_mobile&quot;:&quot;2&quot;,&quot;slides_to_show_tablet&quot;:&quot;4&quot;,&quot;image_spacing_custom_mobile&quot;:{&quot;unit&quot;:&quot;px&quot;,&quot;size&quot;:5,&quot;sizes&quot;:[]},&quot;autoplay&quot;:&quot;yes&quot;,&quot;pause_on_hover&quot;:&quot;yes&quot;,&quot;pause_on_interaction&quot;:&quot;yes&quot;,&quot;infinite&quot;:&quot;yes&quot;,&quot;image_spacing_custom&quot;:{&quot;unit&quot;:&quot;px&quot;,&quot;size&quot;:20,&quot;sizes&quot;:[]},&quot;image_spacing_custom_tablet&quot;:{&quot;unit&quot;:&quot;px&quot;,&quot;size&quot;:&quot;&quot;,&quot;sizes&quot;:[]}}\" data-widget_type=\"image-carousel.default\">\n\t\t\t\t\t\t\t<div class=\"elementor-image-carousel-wrapper swiper\" role=\"region\" aria-roledescription=\"carousel\" aria-label=\"Carrossel de imagens\" dir=\"ltr\">\n\t\t\t<div class=\"elementor-image-carousel swiper-wrapper\" aria-live=\"off\">\n\t\t\t\t\t\t\t\t<div class=\"swiper-slide\" role=\"group\" aria-roledescription=\"slide\" aria-label=\"1 de 6\"><figure class=\"swiper-slide-inner\"><img decoding=\"async\" class=\"swiper-slide-image\" src=\"https:\/\/j5caldeiraria.com.br\/wp-content\/uploads\/2025\/07\/Grupo-GPS.png\" alt=\"Grupo GPS\" \/><\/figure><\/div><div class=\"swiper-slide\" role=\"group\" aria-roledescription=\"slide\" aria-label=\"2 de 6\"><figure class=\"swiper-slide-inner\"><img decoding=\"async\" class=\"swiper-slide-image\" src=\"https:\/\/j5caldeiraria.com.br\/wp-content\/uploads\/2025\/07\/Santos-Brasil.png\" alt=\"Santos Brasil\" \/><\/figure><\/div><div class=\"swiper-slide\" role=\"group\" aria-roledescription=\"slide\" aria-label=\"3 de 6\"><figure class=\"swiper-slide-inner\"><img decoding=\"async\" class=\"swiper-slide-image\" src=\"https:\/\/j5caldeiraria.com.br\/wp-content\/uploads\/2025\/07\/Sabesp.png\" alt=\"Sabesp\" \/><\/figure><\/div><div class=\"swiper-slide\" role=\"group\" aria-roledescription=\"slide\" aria-label=\"4 de 6\"><figure class=\"swiper-slide-inner\"><img decoding=\"async\" class=\"swiper-slide-image\" src=\"https:\/\/j5caldeiraria.com.br\/wp-content\/uploads\/2025\/07\/Paulitec.png\" alt=\"Paulitec\" \/><\/figure><\/div><div class=\"swiper-slide\" role=\"group\" aria-roledescription=\"slide\" aria-label=\"5 de 6\"><figure class=\"swiper-slide-inner\"><img decoding=\"async\" class=\"swiper-slide-image\" src=\"https:\/\/j5caldeiraria.com.br\/wp-content\/uploads\/2025\/07\/Alupar.png\" alt=\"Alupar\" \/><\/figure><\/div><div class=\"swiper-slide\" role=\"group\" aria-roledescription=\"slide\" aria-label=\"6 de 6\"><figure class=\"swiper-slide-inner\"><img decoding=\"async\" class=\"swiper-slide-image\" src=\"https:\/\/j5caldeiraria.com.br\/wp-content\/uploads\/2025\/07\/s-magalhaes-essemaga.png\" alt=\"s magalh\u00e3es essemaga\" \/><\/figure><\/div>\t\t\t<\/div>\n\t\t\t\t\t\t\t\t\t\t\t\t<div class=\"elementor-swiper-button elementor-swiper-button-prev\" role=\"button\" tabindex=\"0\">\n\t\t\t\t\t\t<svg aria-hidden=\"true\" class=\"e-font-icon-svg e-eicon-chevron-left\" viewBox=\"0 0 1000 1000\" xmlns=\"http:\/\/www.w3.org\/2000\/svg\"><path d=\"M646 125C629 125 613 133 604 142L308 442C296 454 292 471 292 487 292 504 296 521 308 533L604 854C617 867 629 875 646 875 663 875 679 871 692 858 704 846 713 829 713 812 713 796 708 779 692 767L438 487 692 225C700 217 708 204 708 187 708 171 704 154 692 142 675 129 663 125 646 125Z\"><\/path><\/svg>\t\t\t\t\t<\/div>\n\t\t\t\t\t<div class=\"elementor-swiper-button elementor-swiper-button-next\" role=\"button\" tabindex=\"0\">\n\t\t\t\t\t\t<svg aria-hidden=\"true\" class=\"e-font-icon-svg e-eicon-chevron-right\" viewBox=\"0 0 1000 1000\" xmlns=\"http:\/\/www.w3.org\/2000\/svg\"><path d=\"M696 533C708 521 713 504 713 487 713 471 708 454 696 446L400 146C388 133 375 125 354 125 338 125 325 129 313 142 300 154 292 171 292 187 292 204 296 221 308 233L563 492 304 771C292 783 288 800 288 817 288 833 296 850 308 863 321 871 338 875 354 875 371 875 388 867 400 854L696 533Z\"><\/path><\/svg>\t\t\t\t\t<\/div>\n\t\t\t\t\n\t\t\t\t\t\t\t\t\t<\/div>\n\t\t\t\t\t\t<\/div>\n\t\t\t\t\t<\/div>\n\t\t\t\t<\/div>\n\t\t\t\t\t<\/div>\n\t\t\t\t<\/div>\n\t\t\t\t<\/div>\n\t\t","protected":false},"excerpt":{"rendered":"<p>Sobre N\u00f3s Sobre N\u00f3s Apresentamos com orgulho a J5 Caldeiraria, uma empresa comprometida com a excel\u00eancia na presta\u00e7\u00e3o de servi\u00e7os industriais e na fabrica\u00e7\u00e3o de estruturas met\u00e1licas. Trabalhamos com foco em qualidade, seguran\u00e7a e respeito, oferecendo um ambiente seguro e eficiente para nossos colaboradores e clientes. Nossa miss\u00e3o \u00e9 ser refer\u00eancia em nosso segmento, atuando com seguran\u00e7a, qualidade e pontualidade. Nosso compromisso \u00e9 garantir a satisfa\u00e7\u00e3o dos clientes, implementando projetos inovadores com foco em sustentabilidade e evolu\u00e7\u00e3o cont\u00ednua. Nossos Valores: Respeito:\u00a0Aos colaboradores, clientes, fornecedores e comunidade. Compromisso com a Qualidade: Fornecer produtos e servi\u00e7os que superem as expectativas do cliente, atrav\u00e9s do comprometimento de nossos colaboradores, aliados a nossa meta de gest\u00e3o da qualidade. \u00c9tica e Responsabilidade Social:\u00a0Em todas as etapas de atua\u00e7\u00e3oValoriza\u00e7\u00e3o Humana:\u00a0Contribu\u00edmos tamb\u00e9m para a forma\u00e7\u00e3o de cidad\u00e3os em nossa regi\u00e3o. Nossos Parceiros<\/p>\n","protected":false},"author":1,"featured_media":0,"parent":0,"menu_order":0,"comment_status":"closed","ping_status":"closed","template":"elementor_header_footer","meta":{"footnotes":""},"class_list":["post-14","page","type-page","status-publish","hentry"],"_links":{"self":[{"href":"https:\/\/j5caldeiraria.com.br\/index.php?rest_route=\/wp\/v2\/pages\/14","targetHints":{"allow":["GET"]}}],"collection":[{"href":"https:\/\/j5caldeiraria.com.br\/index.php?rest_route=\/wp\/v2\/pages"}],"about":[{"href":"https:\/\/j5caldeiraria.com.br\/index.php?rest_route=\/wp\/v2\/types\/page"}],"author":[{"embeddable":true,"href":"https:\/\/j5caldeiraria.com.br\/index.php?rest_route=\/wp\/v2\/users\/1"}],"replies":[{"embeddable":true,"href":"https:\/\/j5caldeiraria.com.br\/index.php?rest_route=%2Fwp%2Fv2%2Fcomments&post=14"}],"version-history":[{"count":19,"href":"https:\/\/j5caldeiraria.com.br\/index.php?rest_route=\/wp\/v2\/pages\/14\/revisions"}],"predecessor-version":[{"id":476,"href":"https:\/\/j5caldeiraria.com.br\/index.php?rest_route=\/wp\/v2\/pages\/14\/revisions\/476"}],"wp:attachment":[{"href":"https:\/\/j5caldeiraria.com.br\/index.php?rest_route=%2Fwp%2Fv2%2Fmedia&parent=14"}],"curies":[{"name":"wp","href":"https:\/\/api.w.org\/{rel}","templated":true}]}}